{"id":344,"date":"2024-10-04T17:10:54","date_gmt":"2024-10-04T15:10:54","guid":{"rendered":"http:\/\/www.immro.at\/?page_id=344"},"modified":"2025-10-27T15:32:07","modified_gmt":"2025-10-27T14:32:07","slug":"impressum","status":"publish","type":"page","link":"https:\/\/www.avana.at\/en\/impressum\/","title":{"rendered":"Imprint"},"content":{"rendered":"<div data-elementor-type=\"wp-page\" data-elementor-id=\"344\" class=\"elementor elementor-344\" data-elementor-post-type=\"page\">\n\t\t\t\t<div class=\"elementor-element elementor-element-65f246a e-flex e-con-boxed e-con e-parent\" data-id=\"65f246a\" data-element_type=\"container\" data-e-type=\"container\">\n\t\t\t\t\t<div class=\"e-con-inner\">\n\t\t\t\t<div class=\"elementor-element elementor-element-5ab4f56 elementor-widget elementor-widget-heading\" data-id=\"5ab4f56\" data-element_type=\"widget\" data-e-type=\"widget\" data-widget_type=\"heading.default\">\n\t\t\t\t<div class=\"elementor-widget-container\">\n\t\t\t\t\t<h2 class=\"elementor-heading-title elementor-size-default\">Imprint<\/h2>\t\t\t\t<\/div>\n\t\t\t\t<\/div>\n\t\t\t\t\t<\/div>\n\t\t\t\t<\/div>\n\t\t<div class=\"elementor-element elementor-element-e2fe697 e-flex e-con-boxed e-con e-parent\" data-id=\"e2fe697\" data-element_type=\"container\" data-e-type=\"container\">\n\t\t\t\t\t<div class=\"e-con-inner\">\n\t\t\t\t<div class=\"elementor-element elementor-element-02f34e4 elementor-widget elementor-widget-text-editor\" data-id=\"02f34e4\" data-element_type=\"widget\" data-e-type=\"widget\" data-widget_type=\"text-editor.default\">\n\t\t\t\t<div class=\"elementor-widget-container\">\n\t\t\t\t\t\t\t\t\t<h3>Avana Real Estate GmbH\u00a0\u00a0<\/h3><p>1010 Wien, K\u00e4rntner Stra\u00dfe 25 \/ 7. OG<br \/>Tel: +43 (0) 1 934 60 48<\/p><p><strong>Firmendaten<\/strong><\/p><p>UID:\u00a0ATU78748107<br \/>Firmenbuchnummer: 593116 f<br \/>Firmenbuchgericht: Handelsgericht Wien<br \/>Beh\u00f6rde gem.\u00a0ECG: Magistratisches Bezirksamt des I. Bezirkes<\/p><p><strong>Berechtigung und T\u00e4tigkeitsbeschreibung:<\/strong><\/p><p>Immobilientreuh\u00e4nder (Immobilienmakler, Immobilienverwalter, Bautr\u00e4ger), eingeschr\u00e4nkt auf Immobilienmakler ohne Berechtigung zur Kreditvermittlung<br \/>Berufszweig: Immobilienmakler<br \/>Fachgruppe: FG Immobilien- und Verm\u00f6genstreuh\u00e4nder<\/p>\t\t\t\t\t\t\t\t<\/div>\n\t\t\t\t<\/div>\n\t\t\t\t<div class=\"elementor-element elementor-element-8074bae elementor-widget elementor-widget-text-editor\" data-id=\"8074bae\" data-element_type=\"widget\" data-e-type=\"widget\" data-widget_type=\"text-editor.default\">\n\t\t\t\t<div class=\"elementor-widget-container\">\n\t\t\t\t\t\t\t\t\t<p><strong>DISCLAIMER:<\/strong><\/p><p>Es wird keinerlei Haftung f\u00fcr die Richtigkeit, Vollst\u00e4ndigkeit und Aktualit\u00e4t der Homepage und der Website \u00fcbernommen, Irrt\u00fcmer werden vorbehalten.<\/p><p>Alle Angebote in der Datenbank sind freibleibend und vorbehaltlich Zwischenvermietung und -verkauf. Der Benutzer anerkennt den Gebrauch der Websites auf eigene Gefahr, sodass niemanden, der an der Erstellung der Informationen beteiligt war, eine\u00a0direkte oder indirekte\u00a0Haftung f\u00fcr Sch\u00e4den trifft bzw. wird diese bis auf das gesetzlich \u00e4u\u00dferst zul\u00e4ssige Ma\u00df beschr\u00e4nkt.<\/p><p><strong>Copyright<\/strong><\/p><p>F\u00fcr den Inhalt verantwortlich zeichnet die Firma Avana Real Estate GmbH, welche Informationen aus eigenen und fremden Quellen zur Verf\u00fcgung stellt. Die entsprechenden Urheber- und sonstigen Schutzrechte liegen daher gem\u00e4\u00df den inl\u00e4ndischen und EU-rechtlichen Vorschriften bei der Firma Avana Real Estate GmbH oder den eigens genannten sonstigen Anbietern. Die Vervielf\u00e4ltigung von Texten und Daten einschlie\u00dflich Speicherung und Nutzung auf optischen und elektronischen Datentr\u00e4gern darf nur mit vorheriger schriftlicher Zustimmung erfolgen. Die Verwendung von Daten inklusive Einspeisung in Online-Dienste, Datenbanken oder Websites durch unberechtigte Dritte sowie die Ver\u00e4nderung oder Verf\u00e4lschung von Informationen ist untersagt. Der Download sowie der Ausdruck ist jedoch zum pers\u00f6nlichen und somit\u00a0nicht kommerziellen Gebrauch gestattet.<\/p><p><strong>Verbraucherinformationen<\/strong><br \/>Online-Streitbeilegung gem\u00e4\u00df Art. 14 Abs. 1 ODR-VO: Die Europ\u00e4ische Kommission stellt eine Plattform zur Online-Streitbeilegung (OS) bereit, die Sie unter\u00a0<a href=\"https:\/\/ec.europa.eu\/consumers\/odr\/\" target=\"_blank\" rel=\"noopener\" data-cke-saved-href=\"https:\/\/ec.europa.eu\/consumers\/odr\/\">http:\/\/ec.europa.eu\/consumers\/odr\/<\/a>\u00a0finden. Verbraucher haben die M\u00f6glichkeit, diese Plattform f\u00fcr die Beilegung ihrer Streitigkeiten zu nutzen.<\/p>\t\t\t\t\t\t\t\t<\/div>\n\t\t\t\t<\/div>\n\t\t\t\t\t<\/div>\n\t\t\t\t<\/div>\n\t\t\t\t<\/div>","protected":false},"excerpt":{"rendered":"<p>Impressum Avana Real Estate GmbH\u00a0\u00a0 1010 Wien, K\u00e4rntner Stra\u00dfe 25 \/ 7. OGTel: +43 (0) 1 934 60 48 Firmendaten UID:\u00a0ATU78748107Firmenbuchnummer: 593116 fFirmenbuchgericht: Handelsgericht WienBeh\u00f6rde gem.\u00a0ECG: Magistratisches Bezirksamt des I. Bezirkes Berechtigung und T\u00e4tigkeitsbeschreibung: Immobilientreuh\u00e4nder (Immobilienmakler, Immobilienverwalter, Bautr\u00e4ger), eingeschr\u00e4nkt auf Immobilienmakler ohne Berechtigung zur KreditvermittlungBerufszweig: ImmobilienmaklerFachgruppe: FG Immobilien- und Verm\u00f6genstreuh\u00e4nder DISCLAIMER: Es wird keinerlei Haftung [&hellip;]<\/p>\n","protected":false},"author":1,"featured_media":0,"parent":0,"menu_order":0,"comment_status":"closed","ping_status":"closed","template":"","meta":{"_acf_changed":false,"footnotes":""},"class_list":["post-344","page","type-page","status-publish","hentry"],"aioseo_notices":[],"acf":[],"_links":{"self":[{"href":"https:\/\/www.avana.at\/en\/wp-json\/wp\/v2\/pages\/344","targetHints":{"allow":["GET"]}}],"collection":[{"href":"https:\/\/www.avana.at\/en\/wp-json\/wp\/v2\/pages"}],"about":[{"href":"https:\/\/www.avana.at\/en\/wp-json\/wp\/v2\/types\/page"}],"author":[{"embeddable":true,"href":"https:\/\/www.avana.at\/en\/wp-json\/wp\/v2\/users\/1"}],"replies":[{"embeddable":true,"href":"https:\/\/www.avana.at\/en\/wp-json\/wp\/v2\/comments?post=344"}],"version-history":[{"count":6,"href":"https:\/\/www.avana.at\/en\/wp-json\/wp\/v2\/pages\/344\/revisions"}],"predecessor-version":[{"id":11208,"href":"https:\/\/www.avana.at\/en\/wp-json\/wp\/v2\/pages\/344\/revisions\/11208"}],"wp:attachment":[{"href":"https:\/\/www.avana.at\/en\/wp-json\/wp\/v2\/media?parent=344"}],"curies":[{"name":"wp","href":"https:\/\/api.w.org\/{rel}","templated":true}]}}